{"id":11,"date":"2011-03-11T13:20:44","date_gmt":"2011-03-11T09:20:44","guid":{"rendered":"http:\/\/blaaneis.no\/?page_id=11"},"modified":"2020-04-27T23:36:40","modified_gmt":"2020-04-27T19:36:40","slug":"kontaktinformasjon","status":"publish","type":"page","link":"http:\/\/blaaneis.no\/?page_id=11","title":{"rendered":"KONTAKT"},"content":{"rendered":"<p>[column width=&#8221;55%&#8221; padding=&#8221;7%&#8221;]<script type=\"text\/javascript\">var mygallery=new SuperbSlideshowGallery({wrapperid: \"KONTAKT\", dimensions: [411, 435], imagearray: [ [\"http:\/\/blaaneis.no\/wp-content\/uploads\/2011\/04\/g1.9.jpg\", \"#\", \"_blank\", \"\"] ],displaymode: {type:\"auto\", pause:2500, cycles:0, wraparound:false},\tpersist: false, fadeduration: 500, descreveal: \"peek-a-boo\",togglerid: \"\"})<\/script><div id=\"KONTAKT\" style=\"max-width:100%\"><\/div>[\/column]<\/p>\n<p>[column width=&#8221;25%&#8221; padding=&#8221;7%&#8221;]<\/p>\n<p>&nbsp;<\/p>\n<p><strong>KONTAKTINFORMASJON<\/strong><\/p>\n<p>\u00c5se Bente Sinnes<br \/>\n4443 Tj\u00f8rhom<br \/>\nE-mail: <a href=\"mailto:aasebsi@online.no\">aasebsi@online.no<\/a><br \/>\nMobil: 938 51 046<\/p>\n<p>Er det andre \u00f8nsker enn standardsortiment,\u00a0vennligst ta kontakt &#8211; mye kan ordnes!<\/p>\n<p>Jeg kan ogs\u00e5 v\u00e6re behjelpelig med frakt mot vederlag<\/p>\n<p>Kikk innom facebooksiden &#8211;&gt;<!-- Facebook Badge END --><a title=\"Bl\u00e5ne Is\" href=\"https:\/\/www.facebook.com\/pages\/Bl%C3%A5ne-Is\/202561349780960\" target=\"_TOP\" rel=\"noopener noreferrer\">Bl\u00e5ne Is\u00a0<\/a>Beskjeder mottas gjerne p\u00e5 PM<\/p>\n<p>&nbsp;<\/p>\n<p>[\/column]<\/p>\n<p>[end_columns]<\/p>\n","protected":false},"excerpt":{"rendered":"<p>[column width=&#8221;55%&#8221; padding=&#8221;7%&#8221;][\/column] [column width=&#8221;25%&#8221; padding=&#8221;7%&#8221;] &nbsp; KONTAKTINFORMASJON \u00c5se Bente Sinnes 4443 Tj\u00f8rhom E-mail: aasebsi@online.no Mobil: 938 51 046 Er det andre \u00f8nsker enn standardsortiment,\u00a0vennligst ta kontakt &#8211; mye kan ordnes! Jeg kan ogs\u00e5 v\u00e6re behjelpelig med frakt mot vederlag Kikk innom facebooksiden &#8211;&gt;Bl\u00e5ne Is\u00a0Beskjeder mottas gjerne p\u00e5 PM &nbsp; [\/column] [end_columns]<\/p>\n","protected":false},"author":1,"featured_media":0,"parent":0,"menu_order":7,"comment_status":"closed","ping_status":"closed","template":"","meta":{"footnotes":""},"class_list":["post-11","page","type-page","status-publish","hentry"],"_links":{"self":[{"href":"http:\/\/blaaneis.no\/index.php?rest_route=\/wp\/v2\/pages\/11","targetHints":{"allow":["GET"]}}],"collection":[{"href":"http:\/\/blaaneis.no\/index.php?rest_route=\/wp\/v2\/pages"}],"about":[{"href":"http:\/\/blaaneis.no\/index.php?rest_route=\/wp\/v2\/types\/page"}],"author":[{"embeddable":true,"href":"http:\/\/blaaneis.no\/index.php?rest_route=\/wp\/v2\/users\/1"}],"replies":[{"embeddable":true,"href":"http:\/\/blaaneis.no\/index.php?rest_route=%2Fwp%2Fv2%2Fcomments&post=11"}],"version-history":[{"count":39,"href":"http:\/\/blaaneis.no\/index.php?rest_route=\/wp\/v2\/pages\/11\/revisions"}],"predecessor-version":[{"id":453,"href":"http:\/\/blaaneis.no\/index.php?rest_route=\/wp\/v2\/pages\/11\/revisions\/453"}],"wp:attachment":[{"href":"http:\/\/blaaneis.no\/index.php?rest_route=%2Fwp%2Fv2%2Fmedia&parent=11"}],"curies":[{"name":"wp","href":"https:\/\/api.w.org\/{rel}","templated":true}]}}