{"id":23,"date":"2011-03-11T13:23:31","date_gmt":"2011-03-11T13:23:31","guid":{"rendered":"http:\/\/blaaneis.no\/?page_id=23"},"modified":"2020-04-27T23:34:52","modified_gmt":"2020-04-27T19:34:52","slug":"bringebaer","status":"publish","type":"page","link":"http:\/\/blaaneis.no\/?page_id=23","title":{"rendered":"SMAKER"},"content":{"rendered":"<p>[column width=&#8221;47%&#8221; padding=&#8221;7%&#8221;]<script type=\"text\/javascript\">var mygallery=new SuperbSlideshowGallery({wrapperid: \"KAKER\", dimensions: [411, 435], imagearray: [ [\"http:\/\/blaaneis.no\/wp-content\/uploads\/2012\/03\/Mintiskake.jpg\", \"#\", \"_blank\", \"\"],[\"http:\/\/blaaneis.no\/wp-content\/uploads\/2012\/03\/IskulerSort1.jpg\", \"#\", \"_blank\", \"\"],[\"http:\/\/blaaneis.no\/wp-content\/uploads\/2011\/04\/g1.7.jpg\", \"#\", \"_blank\", \"\"],[\"http:\/\/blaaneis.no\/wp-content\/uploads\/2011\/04\/g1.6.jpg\", \"#\", \"_blank\", \"\"],[\"http:\/\/blaaneis.no\/wp-content\/uploads\/2011\/04\/g1.4.jpg\", \"#\", \"_blank\", \"\"],[\"http:\/\/blaaneis.no\/wp-content\/uploads\/2011\/04\/g1.5.jpg\", \"#\", \"_blank\", \"\"],[\"http:\/\/blaaneis.no\/wp-content\/uploads\/2012\/03\/Solberryiskake.jpg\", \"#\", \"_blank\", \"\"],[\"http:\/\/blaaneis.no\/wp-content\/uploads\/2012\/03\/Vaniljeiskake.jpg\", \"#\", \"_blank\", \"\"] ],displaymode: {type:\"auto\", pause:2500, cycles:0, wraparound:false},\tpersist: false, fadeduration: 500, descreveal: \"peek-a-boo\",togglerid: \"\"})<\/script><div id=\"KAKER\" style=\"max-width:100%\"><\/div>[\/column]<\/p>\n<p>[column width=&#8221;25%&#8221; padding=&#8221;5%&#8221;]<\/p>\n<p>&nbsp;<\/p>\n<p>\u00d8nsker \u00e5 produsere Bl\u00e5ne isen s\u00e5 naturlig som mulig, det er de deilige\u00a0b\u00e6rene som gir isen farge og smak.<\/p>\n<p>Rips<br \/>\n<em>Ripsen er plukket rundt omkring i uliker hager i Sirdal av \u00c5se Bente og hennes mor<\/em><\/p>\n<p>Solb\u00e6r<br \/>\n<em>Solb\u00e6rene kommer fra Gjermestad G\u00e5rd som ligger utenfor Egersund.<\/em> <a href=\"http:\/\/www.gjermestad.no\" target=\"_blank\" rel=\"noopener noreferrer\">http:\/\/www.gjermestad.no<\/a><\/p>\n<p>Bringeb\u00e6r<br \/>\n<em>Bringeb\u00e6rene kommer fr\u00e5 Sven Haughoms g\u00e5rd p\u00e5 Haughom utenfor Tonstad<\/em><\/p>\n<p>Vanilje<br \/>\n<em>Vaniljen er importert fra Italia, da det dyrkes lite vaniljestang i Norge<\/em><\/p>\n<p>Peppermynte med Sjokoladebiter<\/p>\n<p>Sjokolade<\/p>\n<p>[\/column]<\/p>\n<p>[end_columns]<\/p>\n","protected":false},"excerpt":{"rendered":"<p>[column width=&#8221;47%&#8221; padding=&#8221;7%&#8221;][\/column] [column width=&#8221;25%&#8221; padding=&#8221;5%&#8221;] &nbsp; \u00d8nsker \u00e5 produsere Bl\u00e5ne isen s\u00e5 naturlig som mulig, det er de deilige\u00a0b\u00e6rene som gir isen farge og smak. Rips Ripsen er plukket rundt omkring i uliker hager i Sirdal av \u00c5se Bente og hennes mor Solb\u00e6r Solb\u00e6rene kommer fra Gjermestad G\u00e5rd som ligger utenfor Egersund. http:\/\/www.gjermestad.no Bringeb\u00e6r [&hellip;]<\/p>\n","protected":false},"author":1,"featured_media":0,"parent":0,"menu_order":4,"comment_status":"closed","ping_status":"closed","template":"","meta":{"footnotes":""},"class_list":["post-23","page","type-page","status-publish","hentry"],"_links":{"self":[{"href":"http:\/\/blaaneis.no\/index.php?rest_route=\/wp\/v2\/pages\/23","targetHints":{"allow":["GET"]}}],"collection":[{"href":"http:\/\/blaaneis.no\/index.php?rest_route=\/wp\/v2\/pages"}],"about":[{"href":"http:\/\/blaaneis.no\/index.php?rest_route=\/wp\/v2\/types\/page"}],"author":[{"embeddable":true,"href":"http:\/\/blaaneis.no\/index.php?rest_route=\/wp\/v2\/users\/1"}],"replies":[{"embeddable":true,"href":"http:\/\/blaaneis.no\/index.php?rest_route=%2Fwp%2Fv2%2Fcomments&post=23"}],"version-history":[{"count":33,"href":"http:\/\/blaaneis.no\/index.php?rest_route=\/wp\/v2\/pages\/23\/revisions"}],"predecessor-version":[{"id":447,"href":"http:\/\/blaaneis.no\/index.php?rest_route=\/wp\/v2\/pages\/23\/revisions\/447"}],"wp:attachment":[{"href":"http:\/\/blaaneis.no\/index.php?rest_route=%2Fwp%2Fv2%2Fmedia&parent=23"}],"curies":[{"name":"wp","href":"https:\/\/api.w.org\/{rel}","templated":true}]}}