{"id":230,"date":"2011-07-19T21:45:38","date_gmt":"2011-07-19T17:45:38","guid":{"rendered":"http:\/\/blaaneis.no\/?page_id=230"},"modified":"2020-07-06T15:40:34","modified_gmt":"2020-07-06T11:40:34","slug":"utsalgssteder","status":"publish","type":"page","link":"http:\/\/blaaneis.no\/?page_id=230","title":{"rendered":"SALGSSTEDER"},"content":{"rendered":"<p>[column width=&#8221;55%&#8221; padding=&#8221;7%&#8221;]<script type=\"text\/javascript\">var mygallery=new SuperbSlideshowGallery({wrapperid: \"KONTAKT\", dimensions: [411, 435], imagearray: [ [\"http:\/\/blaaneis.no\/wp-content\/uploads\/2011\/04\/g1.9.jpg\", \"#\", \"_blank\", \"\"] ],displaymode: {type:\"auto\", pause:2500, cycles:0, wraparound:false},\tpersist: false, fadeduration: 500, descreveal: \"peek-a-boo\",togglerid: \"\"})<\/script><div id=\"KONTAKT\" style=\"max-width:100%\"><\/div>[\/column]<\/p>\n<p>[column width=&#8221;25%&#8221; padding=&#8221;7%&#8221;]<\/p>\n<p>&nbsp;<\/p>\n<p><strong>Bl\u00e5ne Is selges:<\/strong><\/p>\n<p><strong>Sirdal<\/strong><\/p>\n<p><a href=\"https:\/\/goo.gl\/maps\/qpoxzPxbviU8hM777\">Fjellbutikken, Suleskard<\/a><br \/>\n<a href=\"https:\/\/goo.gl\/maps\/9y7VtSZWHXvtMShm6\">Joker Sinnes, Tj\u00f8rhom<\/a><br \/>\n<a href=\"https:\/\/goo.gl\/maps\/8vL4WWbUgKJjHeXe8\">Omlidbutikken, Omlid<\/a><br \/>\n<a href=\"https:\/\/goo.gl\/maps\/oPr9hF8AeiBpKrqX9\">Tonstad kolonial, Tonstad<\/a><\/p>\n<p><strong>Klepp<\/strong><\/p>\n<p><a href=\"https:\/\/goo.gl\/maps\/DhAnB3HYSHPXPgZe9\">Coop Mega, J\u00e6rhagen<\/a><\/p>\n<p><strong>Sandnes<\/strong><\/p>\n<p><a href=\"https:\/\/goo.gl\/maps\/6AwT6LLyLvfSf7qD6\">Skj\u00e6veland Gardssutsalg<\/a><\/p>\n<p><strong>Utsalg i sommersesongen<\/strong><\/p>\n<p><a href=\"https:\/\/goo.gl\/maps\/RtxK5YoGjcgS6wgw9\">Krambua &#8211; Flekkefjord Museum<\/a> ( Kuleis )<\/p>\n<p>&nbsp;<\/p>\n<p>[\/column]<\/p>\n<p>[end_columns]<\/p>\n","protected":false},"excerpt":{"rendered":"<p>[column width=&#8221;55%&#8221; padding=&#8221;7%&#8221;][\/column] [column width=&#8221;25%&#8221; padding=&#8221;7%&#8221;] &nbsp; Bl\u00e5ne Is selges: Sirdal Fjellbutikken, Suleskard Joker Sinnes, Tj\u00f8rhom Omlidbutikken, Omlid Tonstad kolonial, Tonstad Klepp Coop Mega, J\u00e6rhagen Sandnes Skj\u00e6veland Gardssutsalg Utsalg i sommersesongen Krambua &#8211; Flekkefjord Museum ( Kuleis ) &nbsp; [\/column] [end_columns]<\/p>\n","protected":false},"author":2,"featured_media":0,"parent":0,"menu_order":6,"comment_status":"closed","ping_status":"closed","template":"","meta":{"footnotes":""},"class_list":["post-230","page","type-page","status-publish","hentry"],"_links":{"self":[{"href":"http:\/\/blaaneis.no\/index.php?rest_route=\/wp\/v2\/pages\/230","targetHints":{"allow":["GET"]}}],"collection":[{"href":"http:\/\/blaaneis.no\/index.php?rest_route=\/wp\/v2\/pages"}],"about":[{"href":"http:\/\/blaaneis.no\/index.php?rest_route=\/wp\/v2\/types\/page"}],"author":[{"embeddable":true,"href":"http:\/\/blaaneis.no\/index.php?rest_route=\/wp\/v2\/users\/2"}],"replies":[{"embeddable":true,"href":"http:\/\/blaaneis.no\/index.php?rest_route=%2Fwp%2Fv2%2Fcomments&post=230"}],"version-history":[{"count":45,"href":"http:\/\/blaaneis.no\/index.php?rest_route=\/wp\/v2\/pages\/230\/revisions"}],"predecessor-version":[{"id":535,"href":"http:\/\/blaaneis.no\/index.php?rest_route=\/wp\/v2\/pages\/230\/revisions\/535"}],"wp:attachment":[{"href":"http:\/\/blaaneis.no\/index.php?rest_route=%2Fwp%2Fv2%2Fmedia&parent=230"}],"curies":[{"name":"wp","href":"https:\/\/api.w.org\/{rel}","templated":true}]}}